{"id":105,"date":"2013-12-16T22:46:58","date_gmt":"2013-12-16T21:46:58","guid":{"rendered":"http:\/\/www.selcom.hr\/wpss\/?page_id=105"},"modified":"2018-05-11T18:17:36","modified_gmt":"2018-05-11T16:17:36","slug":"novosti","status":"publish","type":"page","link":"https:\/\/www.selcom.hr\/wpss\/?page_id=105","title":{"rendered":"Novosti &#8211; GDPR"},"content":{"rendered":"<p align=\"Justify\">Po\u0161tovani,<br \/>\nOd 25. svibnja 2018.godine u Republici Hrvatskoj je u primjeni Op\u0107a uredba o za\u0161titi podataka (GDPR) koja predstavlja napredak u podru\u010dju za\u0161tite osobnih podataka. Va\u0161i podaci koji se pohranjuju u na\u0161em programskom rje\u0161enju smatraju se posebno osjetljivim podacima i na njih se mora obratiti posebna pozornost. <\/p>\n","protected":false},"excerpt":{"rendered":"<p>Po\u0161tovani, Od 25. svibnja 2018.godine u Republici Hrvatskoj je u primjeni Op\u0107a uredba o za\u0161titi podataka (GDPR) koja predstavlja napredak u podru\u010dju za\u0161tite osobnih podataka. Va\u0161i podaci koji se pohranjuju u na\u0161em programskom rje\u0161enju smatraju se posebno osjetljivim podacima i na njih se mora obratiti posebna pozornost.<\/p>\n","protected":false},"author":1,"featured_media":0,"parent":0,"menu_order":1,"comment_status":"closed","ping_status":"closed","template":"","meta":{"footnotes":""},"_links":{"self":[{"href":"https:\/\/www.selcom.hr\/wpss\/index.php?rest_route=\/wp\/v2\/pages\/105"}],"collection":[{"href":"https:\/\/www.selcom.hr\/wpss\/index.php?rest_route=\/wp\/v2\/pages"}],"about":[{"href":"https:\/\/www.selcom.hr\/wpss\/index.php?rest_route=\/wp\/v2\/types\/page"}],"author":[{"embeddable":true,"href":"https:\/\/www.selcom.hr\/wpss\/index.php?rest_route=\/wp\/v2\/users\/1"}],"replies":[{"embeddable":true,"href":"https:\/\/www.selcom.hr\/wpss\/index.php?rest_route=%2Fwp%2Fv2%2Fcomments&post=105"}],"version-history":[{"count":15,"href":"https:\/\/www.selcom.hr\/wpss\/index.php?rest_route=\/wp\/v2\/pages\/105\/revisions"}],"predecessor-version":[{"id":281,"href":"https:\/\/www.selcom.hr\/wpss\/index.php?rest_route=\/wp\/v2\/pages\/105\/revisions\/281"}],"wp:attachment":[{"href":"https:\/\/www.selcom.hr\/wpss\/index.php?rest_route=%2Fwp%2Fv2%2Fmedia&parent=105"}],"curies":[{"name":"wp","href":"https:\/\/api.w.org\/{rel}","templated":true}]}}