{"id":107,"date":"2013-12-16T23:15:04","date_gmt":"2013-12-16T22:15:04","guid":{"rendered":"http:\/\/www.selcom.hr\/wpss\/?page_id=107"},"modified":"2022-04-02T16:44:11","modified_gmt":"2022-04-02T14:44:11","slug":"marketing-i-graficki-dizajn","status":"publish","type":"page","link":"https:\/\/www.selcom.hr\/wpss\/?page_id=107","title":{"rendered":"Grafi\u010dki dizajn"},"content":{"rendered":"<p style=\"text-align: justify;\">\u017delimo biti podr\u0161ka va\u0161em uspjehu!<\/p>\n<p style=\"text-align: justify;\">Nakon vi\u0161e od 20 godina postojanja odlu\u010dili smo pro\u0161iriti spektar usluga i na usluge iz podru\u010dja marketin\u0161ke komunikacije te grafi\u010dkog dizajna!<\/p>\n<p style=\"text-align: justify;\">Kroz suradnju sa stru\u010dnjacima iz podru\u010dja marketin\u0161ke komunikacije te grafi\u010dkog dizajna kreiramo jedinstvena rje\u0161enja oslu\u0161kuju\u0107i va\u0161e potrebe i poslovne prioritete kako biste unaprijedili svoje poslovanje.<\/p>\n<p style=\"text-align: justify;\">U\u0161tedite svoje vrijeme i financije u suradnji s timom koji dobro poznaje va\u0161e potrebe jer poznavanje va\u0161e tvrtke, va\u0161ih poslovnih procesa i definiranih standarda omogu\u0107uje nama pru\u017eanje bolje i kvalitetnije usluge te podr\u0161ku kako biste razvijali svoje poslovanje u \u017eeljenom smjeru.<\/p>\n<p style=\"text-align: justify;\"><strong>Grafi\u010dki dizajn<\/strong><b>\u00a0<\/b>poma\u017ee pri prezentaciji va\u0161e tvrtke ciljanoj javnosti. Bez obzira na vrstu posla kojom se bavite, va\u0161a tvrtka mora biti stilski dobro osmi\u0161ljena \u0161to vam omogu\u0107uje prepoznavanje va\u0161e tvrtke, usluge na tr\u017ei\u0161tu i osigurava lak\u0161u komunikaciju s klijentima te u\u010dinkovitiji marketing.<\/p>\n<p style=\"text-align: justify;\">U suradnji sa vrhunskim dizajnerima, art direktorima i drugim stru\u010dnjacima s bogatim iskustvom rada na razli\u010ditim projektima redizajna i brandinga nekih od najzna\u010dajnijih tvrtki i njihovih brandova na hrvatskom tr\u017ei\u0161tu, omogu\u0107ujemo vam personalizirana rje\u0161enja po va\u0161oj mjeri uz visoku kvalitetu usluge i pristupa\u010dne cijene.<\/p>\n<p>Na\u0161a ponuda obuhva\u0107a:<\/p>\n<p>\u2022\u00a0 grafi\u010dki dizajn (vizualni identitet, ambala\u017ea, plakati, publikacije)<\/p>\n<p>\u2022\u00a0 vizualne komunikacije (kampanje)<\/p>\n<p>\u2022\u00a0 web dizajn<\/p>\n","protected":false},"excerpt":{"rendered":"<p>\u017delimo biti podr\u0161ka va\u0161em uspjehu! Nakon vi\u0161e od 20 godina postojanja odlu\u010dili smo pro\u0161iriti spektar usluga i na usluge iz podru\u010dja marketin\u0161ke komunikacije te grafi\u010dkog dizajna! Kroz suradnju sa stru\u010dnjacima iz podru\u010dja marketin\u0161ke komunikacije te grafi\u010dkog dizajna kreiramo jedinstvena rje\u0161enja oslu\u0161kuju\u0107i va\u0161e potrebe i poslovne prioritete kako biste unaprijedili svoje poslovanje. U\u0161tedite svoje vrijeme i&hellip; <br \/> <a class=\"button small blue\" href=\"https:\/\/www.selcom.hr\/wpss\/?page_id=107\">Read more<\/a><\/p>\n","protected":false},"author":1,"featured_media":0,"parent":0,"menu_order":3,"comment_status":"closed","ping_status":"closed","template":"","meta":{"footnotes":""},"_links":{"self":[{"href":"https:\/\/www.selcom.hr\/wpss\/index.php?rest_route=\/wp\/v2\/pages\/107"}],"collection":[{"href":"https:\/\/www.selcom.hr\/wpss\/index.php?rest_route=\/wp\/v2\/pages"}],"about":[{"href":"https:\/\/www.selcom.hr\/wpss\/index.php?rest_route=\/wp\/v2\/types\/page"}],"author":[{"embeddable":true,"href":"https:\/\/www.selcom.hr\/wpss\/index.php?rest_route=\/wp\/v2\/users\/1"}],"replies":[{"embeddable":true,"href":"https:\/\/www.selcom.hr\/wpss\/index.php?rest_route=%2Fwp%2Fv2%2Fcomments&post=107"}],"version-history":[{"count":14,"href":"https:\/\/www.selcom.hr\/wpss\/index.php?rest_route=\/wp\/v2\/pages\/107\/revisions"}],"predecessor-version":[{"id":586,"href":"https:\/\/www.selcom.hr\/wpss\/index.php?rest_route=\/wp\/v2\/pages\/107\/revisions\/586"}],"wp:attachment":[{"href":"https:\/\/www.selcom.hr\/wpss\/index.php?rest_route=%2Fwp%2Fv2%2Fmedia&parent=107"}],"curies":[{"name":"wp","href":"https:\/\/api.w.org\/{rel}","templated":true}]}}