{"id":115,"date":"2013-12-17T08:08:50","date_gmt":"2013-12-17T07:08:50","guid":{"rendered":"http:\/\/www.selcom.hr\/wpss\/?page_id=115"},"modified":"2016-03-03T15:23:24","modified_gmt":"2016-03-03T14:23:24","slug":"web-dizajn","status":"publish","type":"page","link":"https:\/\/www.selcom.hr\/wpss\/?page_id=115","title":{"rendered":"Web dizajn"},"content":{"rendered":"<p style=\"text-align: justify;\">Danas je u suvremenom svijetu nezamislivo poslovanje bez prisutnosti na internetu.<\/p>\n<p style=\"text-align: justify;\">Va\u0161a web stranica je u slu\u017ebi predstavljanja vas i va\u0161e ponude na tr\u017ei\u0161tu 24sata dnevno cijele godine i iz tog razloga je izrazito potrebna i kvalitetna estetska komponenta uskla\u0111ena sa samim sadr\u017eajem koji \u017eelite da se na njoj nalazi.<\/p>\n<p style=\"text-align: justify;\">Na\u0161 je cilj osigurati vam idejno rje\u0161enje i samu izradu stranice koji \u0107e i estetski i sadr\u017eajno zadovoljavati sve standarde jer \u010dinjenica je da je kvalitetan grafi\u010dki dizajn i vizualni identitet izuzetno bitan \u010dimbenik koji izme\u0111u ostalih odre\u0111uje koliko dugo \u0107e se posjetitelji zadr\u017eati na web stranicama!<\/p>\n<p style=\"text-align: justify;\">\n<p style=\"text-align: justify;\">Prvi korak prilikom izrade web stranice je informativni razgovor i definiranje ciljeva, svrhe i izgleda web stranice \u00a0kako bismo utvrdili u kojem \u0107e se smjeru odvijati dizajn stranice, njen sadr\u017eaj, opseg i karakter (informativni, promid\u017ebeni, prezentacijski..).<\/p>\n<p style=\"text-align: justify;\">Kako bismo napravili idejno rje\u0161enje i kasnije isto i finalizirali na vama je da nam osigurate potrebne materijale. Pod materijalima koji su nam potrebni za izradu web stranice podrazumijevamo:<\/p>\n<ul>\n<li>sve potrebne tekstove vezane uz navedene linkove zajedno s prijevodima ukoliko je stranica vi\u0161ejezi\u010dna<\/li>\n<li>fotografije u odgovaraju\u0107em formatu (jpeg, gif)<\/li>\n<li>pdf dokumente i sve ostale materijale koje \u017eelite postaviti na stranicu<\/li>\n<\/ul>\n<p style=\"text-align: justify;\">Nakon odabira i finalizacije rje\u0161enja za va\u0161u web stranicu te popunjavanja sadr\u017eajem, ostaje samo zakup domene (adresa Va\u0161e web stranice) i podizanje na online server.<br \/>\nU ovom koraku web stranica je vizualno privla\u010dna, popunjena sadr\u017eajem, dostupna na internetu i spremna za upotrebu.<\/p>\n","protected":false},"excerpt":{"rendered":"<p>Danas je u suvremenom svijetu nezamislivo poslovanje bez prisutnosti na internetu. Va\u0161a web stranica je u slu\u017ebi predstavljanja vas i va\u0161e ponude na tr\u017ei\u0161tu 24sata dnevno cijele godine i iz tog razloga je izrazito potrebna i kvalitetna estetska komponenta uskla\u0111ena sa samim sadr\u017eajem koji \u017eelite da se na njoj nalazi. Na\u0161 je cilj osigurati vam&hellip; <br \/> <a class=\"button small blue\" href=\"https:\/\/www.selcom.hr\/wpss\/?page_id=115\">Read more<\/a><\/p>\n","protected":false},"author":1,"featured_media":0,"parent":107,"menu_order":2,"comment_status":"closed","ping_status":"closed","template":"","meta":{"footnotes":""},"_links":{"self":[{"href":"https:\/\/www.selcom.hr\/wpss\/index.php?rest_route=\/wp\/v2\/pages\/115"}],"collection":[{"href":"https:\/\/www.selcom.hr\/wpss\/index.php?rest_route=\/wp\/v2\/pages"}],"about":[{"href":"https:\/\/www.selcom.hr\/wpss\/index.php?rest_route=\/wp\/v2\/types\/page"}],"author":[{"embeddable":true,"href":"https:\/\/www.selcom.hr\/wpss\/index.php?rest_route=\/wp\/v2\/users\/1"}],"replies":[{"embeddable":true,"href":"https:\/\/www.selcom.hr\/wpss\/index.php?rest_route=%2Fwp%2Fv2%2Fcomments&post=115"}],"version-history":[{"count":5,"href":"https:\/\/www.selcom.hr\/wpss\/index.php?rest_route=\/wp\/v2\/pages\/115\/revisions"}],"predecessor-version":[{"id":202,"href":"https:\/\/www.selcom.hr\/wpss\/index.php?rest_route=\/wp\/v2\/pages\/115\/revisions\/202"}],"up":[{"embeddable":true,"href":"https:\/\/www.selcom.hr\/wpss\/index.php?rest_route=\/wp\/v2\/pages\/107"}],"wp:attachment":[{"href":"https:\/\/www.selcom.hr\/wpss\/index.php?rest_route=%2Fwp%2Fv2%2Fmedia&parent=115"}],"curies":[{"name":"wp","href":"https:\/\/api.w.org\/{rel}","templated":true}]}}