{"id":20,"date":"2012-01-04T00:18:38","date_gmt":"2012-01-03T23:18:38","guid":{"rendered":"http:\/\/www.selcom.hr\/wpss\/?page_id=20"},"modified":"2013-12-16T21:48:00","modified_gmt":"2013-12-16T20:48:00","slug":"izvjesca","status":"publish","type":"page","link":"https:\/\/www.selcom.hr\/wpss\/?page_id=20","title":{"rendered":"Izvje\u0161\u0107a"},"content":{"rendered":"<div align=\"center\"><center><\/p>\n<table width=\"100%\" border=\"0\" cellpadding=\"2\">\n<tbody>\n<tr>\n<td align=\"center\" valign=\"top\" width=\"100%\"><strong>FINANCIJSKA IZVJE\u0160\u0106A<\/strong><\/td>\n<\/tr>\n<\/tbody>\n<\/table>\n<p>&nbsp;<\/p>\n<p><\/center><\/div>\n<div align=\"center\"><center><\/p>\n<table width=\"100%\" border=\"0\" cellpadding=\"2\">\n<tbody>\n<tr>\n<td valign=\"top\" width=\"100%\"><strong>Dnevnik knji\u017eenja<\/strong><br \/>\nNakon zavr\u0161enog knji\u017eenja, na kraju radnog dana, potrebno je ispisati dnevnik knji\u017eenja za taj dan, ako isti ispisujemo dnevno, ili \u0161to je \u010de\u0161\u0107i slu\u010daj, dnevnik se \u0161tampa na kraju godine od 01.01. do 31.12. za pro\u0161lu knjigovodstvenu godinu. Unosi se \u0161ifra poduze\u0107a ili se izvr\u0161i odabir tipkom &#8220;F4&#8221; u nazivu poduze\u0107a za koje se vodi knjigovodstvo, unesu se \u017eeljeni datumi, izabere se &#8220;T&#8221; ili &#8220;K&#8221; ovisno da li \u017eelimo ispis dnevnika knji\u017eenja po temeljnicama ili po datumu knji\u017eenja. Pored klasi\u010dnog dnevnika knji\u017eenja postoji i dnevnik knji\u017eenja po temeljnicama. Jednostavno je zada naredba ra\u010dunalu da uspi\u0161e dnevnik knji\u017eenja po temeljnicama i po datumima temeljnica, svaka temeljnica je zbrojena da se vidi ravnote\u017ea.<\/td>\n<\/tr>\n<tr>\n<td valign=\"top\" width=\"100%\"><strong>Kartice od_do<\/strong><br \/>\nPostoji nekoliko tipova kartica &#8211; svi tipovi se mogu izlistati na ekran ili na pisa\u010d, a osiguravaju sve potrebne elemente za normalno poslovanje.<\/td>\n<\/tr>\n<tr>\n<td valign=\"top\" width=\"100%\"><strong>Bruto bilanca<\/strong><br \/>\nPostoje dva tipa bruto bilance &#8211; klasi\u010dna, koja sadr\u017ei konto, naziv konta, po\u010detni promet duguje i potra\u017euje,ukupni promet duguje i potra\u017euje i saldo duguje i potra\u017euje &#8211; pro\u0161irena, koja pored gore spomenutih kolona jo\u0161 ima olone teku\u0107i promet duguje i teku\u0107i promet potra\u017euje Iskazuju se stanja na kontu (5), sintetici (3), (2) i klasi (1), a mo\u017ee se izlistati i po mjestima tro\u0161ka.<\/td>\n<\/tr>\n<tr>\n<td valign=\"top\" width=\"100%\"><strong>Prometi sintetika<\/strong><br \/>\nRadi ispunjavanja obrazaca daje listu kao i brutobilanca ali samo na nivou sintetika.<\/td>\n<\/tr>\n<tr>\n<td valign=\"top\" width=\"100%\"><strong>Prometi analitika<\/strong><br \/>\nKoristi se za brze preglede stanja konta.<\/td>\n<\/tr>\n<tr>\n<td valign=\"top\" width=\"100%\"><strong>Kartice po mjestu tro\u0161ka<\/strong><br \/>\nOmogu\u0107uju nam da direktno iz knji\u017eenja glavne knjige dobijemo pogonsko knjigovodstvo.<\/td>\n<\/tr>\n<tr>\n<td valign=\"top\" width=\"100%\"><strong>Prometi temeljnica ili automatsko tra\u017eenje gre\u0161aka<\/strong><br \/>\nUkoliko se dogodi da ne\u0161to nije dobro knji\u017eeno ovo izvije\u0161\u0107e \u0107e utvrditi neravnote\u017eu i locirati<br \/>\ntemeljnicu koja nije u redu. Program za uskladu prometa temeljnica ispisuje kumulative po temeljnicama i tamo gdje nema ravnote\u017ee obilje\u017eava zbir sa &#8220;***&#8221; tako da se gre\u0161ke pronalaze trenuta\u010dno. Nakon toga se u programu &#8220;KNJI\u017dENJA&#8221; &#8211; &#8220;Glavna knjiga&#8221; nalog koji nema ravnote\u017eu mo\u017ee pozvati na ekran, usporediti sa originalnim dokumentima i proknji\u017eiti razliku.<\/td>\n<\/tr>\n<tr>\n<td valign=\"top\" width=\"100%\"><strong>Zaklju\u010dna temeljnica<\/strong><br \/>\nProgram radi zaklju\u010dna knji\u017eenja &#8211; zatvara klasu 4, 7, 8. Prije kori\u0161tenja programa treba u mati\u010dnim podacima podesiti opciju &#8220;KONTIRANJE DOKUMENATA&#8221;. Zgodno je program koristiti za simulaciju obra\u010duna da se vidi rezultat poslovanja, jer \u0107e uvijek dati prikaz stanje dobiti tvrtke. Uvjet je da je knji\u017eenje a\u017eurno. Svaka simulacija mo\u017ee se po \u017eelji i rasknji\u017eiti, \u0161to se i radi na kraju poslovne godine.<\/td>\n<\/tr>\n<tr>\n<td valign=\"top\" width=\"100%\"><strong>Statistika<\/strong><br \/>\nBilo koji obrazac tipa GFI-POD, TSI-POD, PR-RAS-NPF, S-PR-RAS-NPF mo\u017ee se pozvati i napuniti direktno iz programa &#8220;OSKAR&#8221;. Preduvjet za to je da korisnik programa prije toga unese svoj kontni plan u odre\u0111ene tablice u programu.<\/td>\n<\/tr>\n<tr>\n<td valign=\"top\" width=\"100%\"><strong>e-FINA, e-POREZNA<\/strong><br \/>\nU skladu s novim propisima o poslovanju tvrtki, koji nala\u017eu svim tvrtkama koje ostvare prihod ve\u0107i od 800.000 kuna, u program je ugra\u0111ena mogu\u0107nost direktnog unosa podataka u e-FINA i u e-POREZNA obrasce.<\/td>\n<\/tr>\n<\/tbody>\n<\/table>\n<p>&nbsp;<\/p>\n<p><\/center><\/div>\n<p>&nbsp;<\/p>\n<div align=\"center\"><center><\/p>\n<table width=\"100%\" border=\"0\" cellpadding=\"2\">\n<tbody>\n<tr>\n<td align=\"center\" valign=\"top\" width=\"100%\"><strong>IZVJE\u0160\u0106A SALDAKONTI <\/strong><\/td>\n<\/tr>\n<\/tbody>\n<\/table>\n<p>&nbsp;<\/p>\n<p><\/center><\/div>\n<div align=\"center\"><center><\/p>\n<table width=\"100%\" border=\"0\" cellpadding=\"2\">\n<tbody>\n<tr>\n<td valign=\"top\" width=\"100%\"><strong>Obra\u010dun kamata<\/strong><br \/>\nObra\u010dun kamata je klasi\u010dni.<\/td>\n<\/tr>\n<tr>\n<td valign=\"top\" width=\"100%\"><strong>Kartice kupaca i dobavlja\u010da<\/strong><br \/>\nMogu se izlistavati sve stavke po analitikama ili samo otvorene stavke \u0161to je puno interesantnije i to za odre\u0111eni period ili za cijelu godinu.<\/td>\n<\/tr>\n<tr>\n<td valign=\"top\" width=\"100%\"><strong>Prometi kupaca i dobavlja\u010da<\/strong><br \/>\nLista je za referente kupaca i dobavlja\u010da &#8211; daje naziv partnera, saldo duga, dospjelo, telefon i kontakt osobu koju treba zvati radi naplate. Ukoliko imamo vanjski modem mo\u017ee se jednostavnim klikom po tipkovnici pozvati \u017eeljena tvrtka i samo podi\u0107i slu\u0161alica radi razgovora vezanog za naplatu.<\/td>\n<\/tr>\n<tr>\n<td valign=\"top\" width=\"100%\"><strong>Zatvaranje stavaka<\/strong><br \/>\nMo\u017ee biti automatsko i ru\u010dno. Ukoliko se pazi kod knji\u017eenja ve\u0107ina ra\u010duna ae se povezati automatski.<\/td>\n<\/tr>\n<tr>\n<td valign=\"top\" width=\"100%\"><strong>Opomene<\/strong><br \/>\nOvo izvije\u0161\u0107e temelji se na otvorenim stavkama. Mo\u017ee se izlistavati za sve kupce ili samo za \u017eeljenu tvrtku.<\/td>\n<\/tr>\n<tr>\n<td valign=\"top\" width=\"100%\"><strong>IOS-i<\/strong><br \/>\nVrijedi sve kao i za opomene.<\/td>\n<\/tr>\n<\/tbody>\n<\/table>\n<p>&nbsp;<\/p>\n<p><\/center><\/div>\n<p>&nbsp;<\/p>\n<div align=\"center\"><center><\/p>\n<table width=\"100%\" border=\"0\" cellpadding=\"2\">\n<tbody>\n<tr>\n<td align=\"center\" valign=\"top\" width=\"100%\"><strong>IZVJE\u0160\u0106A TRGOVINA <\/strong><\/td>\n<\/tr>\n<\/tbody>\n<\/table>\n<p>&nbsp;<\/p>\n<p><\/center><\/div>\n<div align=\"center\"><center><\/p>\n<table width=\"100%\" border=\"0\" cellpadding=\"2\">\n<tbody>\n<tr>\n<td valign=\"top\" width=\"100%\"><strong>Kalkulacije od_do<\/strong><br \/>\nU bilo kojem momentu mogu se na ekran ili pisa\u010d dobiti pregledi za tra\u017eene kalkulacije.<\/td>\n<\/tr>\n<tr>\n<td valign=\"top\" width=\"100%\"><strong>Prometi kalkulacija<\/strong><br \/>\nLista daje zbir po kalkulacijama sa nazivom dobavlja\u010da, brojem ra\u010duna i svim ostalim elementima kalkulacije.<br \/>\nMo\u017ee se listati za jednu kalkulaciju ili za odre\u0111eni period.<\/td>\n<\/tr>\n<tr>\n<td valign=\"top\" width=\"100%\"><strong>Ulaz po artiklima<\/strong><br \/>\nLista daje kalkulacije ali na nivou odre\u0111enog artikla. Dobije se materijalna kartica za tra\u017eeni artikal sa svim ulazima istog u skladi\u0161te.<\/td>\n<\/tr>\n<tr>\n<td valign=\"top\" width=\"100%\"><strong>Etikete za police<\/strong><br \/>\nNakon izrade kalkulacije mogu se izlistati etikete za police i to tri razli\u010dite dimenzije. Etikete sadr\u017ee \u0161ifru, trgova\u010dki naziv robe, jedinicu mjere, cijenu robe, broj kalkulacije, broj evidencije iz trgova\u010dke knjige, a po \u017eelji i cijenu bez poreza na dodanu vrijednost.<\/td>\n<\/tr>\n<tr>\n<td valign=\"top\" width=\"100%\"><strong>Rekapitulacija cijena<\/strong><br \/>\nLista slu\u017ei za analizu razlike u cijeni, daje uvjete nabave i ostvarenu razliku u cijeni sa pototkom ostvarene mar\u017ee.<\/td>\n<\/tr>\n<tr>\n<td valign=\"top\" width=\"100%\"><strong>Unos i rekapitulacija \u010dekova<\/strong><br \/>\nPo bankama se unesu \u010dekovi gra\u0111ana i u bilo kojem momentu se za \u017eeljenu banku i za \u017eeljeni period mogu izlistati specifikacije \u010dekova.<\/td>\n<\/tr>\n<tr>\n<td valign=\"top\" width=\"100%\"><strong>Trgova\u010dka knjiga<\/strong><br \/>\nProgram po izradi kalkulacije i zapisnika automatski radi zadu\u017eenje trgova\u010dke knjige. Po unosu prodaje mo\u017ee se izlistati trgova\u010dka knjiga.<\/td>\n<\/tr>\n<tr>\n<td valign=\"top\" width=\"100%\"><strong>Obrada inventure<\/strong><br \/>\nPrije obrade inventure izlista se popisna lista artikala po abecedi, izvr\u0161i se popis bez obzira na tarifne brojeve, a program sam obradi inventuru i razvrsta je po tarifnim razredima.<\/td>\n<\/tr>\n<tr>\n<td valign=\"top\" width=\"100%\"><strong>Zapisnici o promjeni cijena<\/strong><br \/>\nMogu biti sa unosom cijena i po koeficijentu. Koeficijent se primjenjuje kad se roba prebacuje iz jednog tarifnog razreda u drugi. Po popisu robe zada se koeficijent i program prera\u010duna razlike, napravi zapisnik o promjeni cijena, ispise etikete &#8230;<\/td>\n<\/tr>\n<\/tbody>\n<\/table>\n<p>&nbsp;<\/p>\n<p><\/center><\/div>\n<p>&nbsp;<\/p>\n<div align=\"center\"><center><\/p>\n<table width=\"100%\" border=\"0\" cellpadding=\"2\">\n<tbody>\n<tr>\n<td align=\"center\" valign=\"top\" width=\"100%\"><strong>MATERIJALNA IZVJE\u0160\u0106A <\/strong><\/td>\n<\/tr>\n<\/tbody>\n<\/table>\n<p>&nbsp;<\/p>\n<p><\/center><\/div>\n<div align=\"center\"><center><\/p>\n<table width=\"100%\" border=\"0\" cellpadding=\"2\">\n<tbody>\n<tr>\n<td valign=\"top\" width=\"100%\"><strong>Dnevnik knji\u017eenja<\/strong><br \/>\nMo\u017ee se dobiti za bilo koji dan ili period i to po danu knji\u017eenja ili po datumu dokumenta<\/td>\n<\/tr>\n<tr>\n<td valign=\"top\" width=\"100%\"><strong>Kartice<\/strong><br \/>\nPostoji nekoliko tipova kartica &#8211; svi tipovi se mogu izlistati na ekran ili na pisa\u010d, a osiguravaju sve potrebne elemente za normalno poslovanje skladi\u0161ta.<\/td>\n<\/tr>\n<tr>\n<td valign=\"top\" width=\"100%\"><strong>Lager lista<\/strong><br \/>\nDaje za odre\u0111eni period i za \u017eeljeni raspon \u0161ifara stanje skladi\u0161ta.<\/td>\n<\/tr>\n<tr>\n<td valign=\"top\" width=\"100%\"><strong>Popisna lista za inventuru<\/strong><br \/>\nPrije inventure skladi\u0161ta izlista se popisna lista po abecedi i u nju se unosi popisana roba.<\/td>\n<\/tr>\n<tr>\n<td valign=\"top\" width=\"100%\"><strong>Obrada inventure<\/strong><br \/>\nNakon unosa popisnog stanja program usporedi popisno stanje sa knji\u017enim stanjem i automatski izra\u010dunava vi\u0161kove i manjkove.<\/td>\n<\/tr>\n<tr>\n<td valign=\"top\" width=\"100%\"><strong>Cjenici<\/strong><br \/>\nMogu\u0107e ih je izlistavati na nekoliko nacina: po \u0161ifri, abecedi, grupama i podgrupama, sa koli\u010dinom na skladi\u0161tu ili bez nje, sve artikle ili samo one koje imamo &#8230;<\/td>\n<\/tr>\n<tr>\n<td valign=\"top\" width=\"100%\"><strong>Usklada sa glavnom knjigom<\/strong><br \/>\nProgram automatski radi uskladu sa knji\u017eenjima u glavnu knjigu (ako smo se prilikom knji\u017eenja vezali na financijske dokumente). Rezultat su dvije liste: lista knji\u017eenih temeljnica koja mora dati financijsku karticu za \u017eeljeno skladi\u0161te i lista razlika &#8211; odstupanja od financijske kartice u stilu: ima u materijalnom. nema u financijskom i obratno. Isto tako ako se knji\u017eeni dokumenti razlikuju u glavnoj knjizi i u skladi\u0161tu program takve dokumente posebno ozna\u010di na listi razlika.<\/td>\n<\/tr>\n<tr>\n<td valign=\"top\" width=\"100%\"><strong>Rekapitulacija dokumenata<\/strong><br \/>\nU bilo kojem momentu mo\u017ee se ponovo izlistati proknji\u017eeni dokument i to zbirno ili sa svim knji\u017eenim stavkama.<\/td>\n<\/tr>\n<tr>\n<td valign=\"top\" width=\"100%\"><strong>Rekapitulacije temeljnica<\/strong><br \/>\nAko prilikom usklade sa glavnom knjigom ima razlika na odre\u0111enim temeljnicama ovaj program nam daje pregled stavaka koje su proknji\u017eene u skladi\u0161tu na \u017eeljenoj temeljnici tako da lako nalazimo gre\u0161ke.<\/td>\n<\/tr>\n<tr>\n<td valign=\"top\" width=\"71%\"><strong>Materijalno poslovanje po partnerima<\/strong><br \/>\nPrilikom knji\u017eenja ulaza u skladi\u0161te program automatski pamti partnera od kojeg je do\u0161la roba, a isto tako i prilikom izlaza robe evidentira se kupac. Zato se mo\u017ee za \u017eeljenog partnera izlistati poslovanje skladi\u0161ta po robama ili po partneru.<\/td>\n<\/tr>\n<\/tbody>\n<\/table>\n<p>&nbsp;<\/p>\n<p><\/center><\/div>\n<p>&nbsp;<\/p>\n<div align=\"center\"><center><\/p>\n<table width=\"100%\" border=\"0\" cellpadding=\"2\">\n<tbody>\n<tr>\n<td align=\"center\" valign=\"top\" width=\"100%\"><strong>\u0160IFARNICI<\/strong><\/td>\n<\/tr>\n<\/tbody>\n<\/table>\n<p>&nbsp;<\/p>\n<p><\/center><\/div>\n<div align=\"center\"><center><\/p>\n<table width=\"100%\" border=\"0\" cellpadding=\"2\">\n<tbody>\n<tr>\n<td valign=\"top\" width=\"100%\"><strong>Partneri <\/strong><br \/>\n&#8211; po \u0161ifri &#8211; po nazivu &#8211; po mjestu<\/td>\n<\/tr>\n<tr>\n<td valign=\"top\" width=\"100%\"><strong>Artikli<\/strong><br \/>\n&#8211; po \u0161ifri &#8211; po nazivu &#8211; po grupi i podgrupi<\/td>\n<\/tr>\n<tr>\n<td valign=\"top\" width=\"100%\"><strong>Po\u0161te <\/strong><br \/>\n&#8211; po \u0161ifri &#8211; po mjestu<\/td>\n<\/tr>\n<\/tbody>\n<\/table>\n<p>&nbsp;<\/p>\n<p><\/center><\/div>\n","protected":false},"excerpt":{"rendered":"<p>FINANCIJSKA IZVJE\u0160\u0106A &nbsp; Dnevnik knji\u017eenja Nakon zavr\u0161enog knji\u017eenja, na kraju radnog dana, potrebno je ispisati dnevnik knji\u017eenja za taj dan, ako isti ispisujemo dnevno, ili \u0161to je \u010de\u0161\u0107i slu\u010daj, dnevnik se \u0161tampa na kraju godine od 01.01. do 31.12. za pro\u0161lu knjigovodstvenu godinu. Unosi se \u0161ifra poduze\u0107a ili se izvr\u0161i odabir tipkom &#8220;F4&#8221; u nazivu&hellip; <br \/> <a class=\"button small blue\" href=\"https:\/\/www.selcom.hr\/wpss\/?page_id=20\">Read more<\/a><\/p>\n","protected":false},"author":1,"featured_media":0,"parent":5,"menu_order":3,"comment_status":"closed","ping_status":"closed","template":"","meta":{"footnotes":""},"_links":{"self":[{"href":"https:\/\/www.selcom.hr\/wpss\/index.php?rest_route=\/wp\/v2\/pages\/20"}],"collection":[{"href":"https:\/\/www.selcom.hr\/wpss\/index.php?rest_route=\/wp\/v2\/pages"}],"about":[{"href":"https:\/\/www.selcom.hr\/wpss\/index.php?rest_route=\/wp\/v2\/types\/page"}],"author":[{"embeddable":true,"href":"https:\/\/www.selcom.hr\/wpss\/index.php?rest_route=\/wp\/v2\/users\/1"}],"replies":[{"embeddable":true,"href":"https:\/\/www.selcom.hr\/wpss\/index.php?rest_route=%2Fwp%2Fv2%2Fcomments&post=20"}],"version-history":[{"count":4,"href":"https:\/\/www.selcom.hr\/wpss\/index.php?rest_route=\/wp\/v2\/pages\/20\/revisions"}],"predecessor-version":[{"id":297,"href":"https:\/\/www.selcom.hr\/wpss\/index.php?rest_route=\/wp\/v2\/pages\/20\/revisions\/297"}],"up":[{"embeddable":true,"href":"https:\/\/www.selcom.hr\/wpss\/index.php?rest_route=\/wp\/v2\/pages\/5"}],"wp:attachment":[{"href":"https:\/\/www.selcom.hr\/wpss\/index.php?rest_route=%2Fwp%2Fv2%2Fmedia&parent=20"}],"curies":[{"name":"wp","href":"https:\/\/api.w.org\/{rel}","templated":true}]}}