{"id":22,"date":"2012-01-04T00:19:29","date_gmt":"2012-01-03T23:19:29","guid":{"rendered":"http:\/\/www.selcom.hr\/wpss\/?page_id=22"},"modified":"2017-10-30T21:56:53","modified_gmt":"2017-10-30T19:56:53","slug":"pitanja","status":"publish","type":"page","link":"https:\/\/www.selcom.hr\/wpss\/?page_id=22","title":{"rendered":"\u010cesta pitanja"},"content":{"rendered":"<p style=\"text-align: justify;\">\n<b>Za\u0161to izabrati Oskar?<\/b><br \/>\nOno \u0161to izdvaja Oskar je mogu\u0107nost personalizacije i prilagodbe potrebama svakog korisnika, kao i \u010dinjenica da je u njegovu izvedbu u samom startu bio uklju\u010den i stru\u010dnjak sa dugogodi\u0161nim iskustvom rada u knjigovodstvu.<\/p>\n<p>Tako\u0111er, uz navedeno,\u00a0Oskar se isti\u010de jednostavno\u0161\u0107u kojom omogu\u0107uje svakom korisniku da s lako\u0107om prati poslovne procese.<\/p>\n<p><b>Koliko se stavaka mo\u017ee proknji\u017eiti za jedan sat?<\/b><br \/>\nOd 200 do 250 \u2013 ovisno o vrsti knjigovodstva koje se radi.<\/p>\n<p><b>Koliko korisnika mo\u017ee voditi\u00a0<b>Oskar<\/b> ?<\/b><\/p>\n<p>OSKAR je inicijalno pode\u0161en za vo\u0111enje neograni\u010denog broja razli\u010ditih korisnika.<\/p>\n<p><b>Postoji li mogu\u0107nost prilagodbe programa\u00a0<b>Oskar<\/b> poduze\u0107u koje se bavi drugom djelatno\u0161\u0107u?<\/b><\/p>\n<p>Program Oskar je u potpunosti modularan \u0161to zna\u010di da je mogu\u0107e da svaki modul radi samostalno, a mogu\u0107a je i kompletna integracija programa po modulima. Prije implementacije poslovnog programa analizira se poslovanje poduze\u0107a te se program u potpunosti prilago\u0111ava poslovnim potrebama firme, a korisnik stje\u010de dojam da je program ba\u0161 krojen po mjeri.<\/p>\n<p>Ukoliko je potrebno, program je mogu\u0107e i dodatno doraditi na zahtjev korisnika.<\/p>\n","protected":false},"excerpt":{"rendered":"<p>Za\u0161to izabrati Oskar? Ono \u0161to izdvaja Oskar je mogu\u0107nost personalizacije i prilagodbe potrebama svakog korisnika, kao i \u010dinjenica da je u njegovu izvedbu u samom startu bio uklju\u010den i stru\u010dnjak sa dugogodi\u0161nim iskustvom rada u knjigovodstvu. Tako\u0111er, uz navedeno,\u00a0Oskar se isti\u010de jednostavno\u0161\u0107u kojom omogu\u0107uje svakom korisniku da s lako\u0107om prati poslovne procese. Koliko se stavaka&hellip; <br \/> <a class=\"button small blue\" href=\"https:\/\/www.selcom.hr\/wpss\/?page_id=22\">Read more<\/a><\/p>\n","protected":false},"author":1,"featured_media":0,"parent":5,"menu_order":2,"comment_status":"closed","ping_status":"closed","template":"","meta":{"footnotes":""},"_links":{"self":[{"href":"https:\/\/www.selcom.hr\/wpss\/index.php?rest_route=\/wp\/v2\/pages\/22"}],"collection":[{"href":"https:\/\/www.selcom.hr\/wpss\/index.php?rest_route=\/wp\/v2\/pages"}],"about":[{"href":"https:\/\/www.selcom.hr\/wpss\/index.php?rest_route=\/wp\/v2\/types\/page"}],"author":[{"embeddable":true,"href":"https:\/\/www.selcom.hr\/wpss\/index.php?rest_route=\/wp\/v2\/users\/1"}],"replies":[{"embeddable":true,"href":"https:\/\/www.selcom.hr\/wpss\/index.php?rest_route=%2Fwp%2Fv2%2Fcomments&post=22"}],"version-history":[{"count":9,"href":"https:\/\/www.selcom.hr\/wpss\/index.php?rest_route=\/wp\/v2\/pages\/22\/revisions"}],"predecessor-version":[{"id":296,"href":"https:\/\/www.selcom.hr\/wpss\/index.php?rest_route=\/wp\/v2\/pages\/22\/revisions\/296"}],"up":[{"embeddable":true,"href":"https:\/\/www.selcom.hr\/wpss\/index.php?rest_route=\/wp\/v2\/pages\/5"}],"wp:attachment":[{"href":"https:\/\/www.selcom.hr\/wpss\/index.php?rest_route=%2Fwp%2Fv2%2Fmedia&parent=22"}],"curies":[{"name":"wp","href":"https:\/\/api.w.org\/{rel}","templated":true}]}}