{"id":221,"date":"2017-10-30T21:45:34","date_gmt":"2017-10-30T19:45:34","guid":{"rendered":"http:\/\/www.selcom.hr\/wpss\/?page_id=221"},"modified":"2024-03-10T14:55:19","modified_gmt":"2024-03-10T12:55:19","slug":"posebna-ponuda","status":"publish","type":"page","link":"https:\/\/www.selcom.hr\/wpss\/?page_id=221","title":{"rendered":"Posebna ponuda"},"content":{"rendered":"<p style=\"text-align: justify;\">Do 31. svibnja 2024. godine mo\u017eete iskoristiti posebnu ponudu &#8211; ako koristite neki knjigovodstveni program ili ste knjigovodstveni servis, program OSKAR mo\u017eete iznajmiti za <strong>samo 41,48 EUR mjese\u010dno<\/strong> (u iznos je uklju\u010den PDV). Za svako sljede\u0107e ra\u010dunalo cijena se uve\u0107ava za 25%. Tako bi cijena za tri umre\u017eena ra\u010dunala bila <strong>s uklju\u010denim PDV-om 62,21 EUR mjese\u010dno<\/strong>. Rizik za vas je 0 kuna jer isti program mo\u017eete uvijek otkazati. Otkazni rok je 30 dana u pisanoj formi.<\/p>\n<p>Bez obzira na broj\u00a0 komitenata ili na broj proknji\u017eenih stavaka, Va\u0161 mjese\u010dni ra\u010dun je uvijek isti.<\/p>\n<p>Mogu\u0107 je i najam modula iz programa OSKAR ve\u0107<strong> od 16,59 EUR mjese\u010dno s uklju\u010denim PDV-om<\/strong>.<\/p>\n<p style=\"text-align: justify;\">Na\u0161a ciljna grupa su mala i srednja poduze\u0107a, posebno smo orijentirani na knjigovodstvene servise &#8211; vi\u0161e od 160 takvih tvrtki u ovom trenutku koristi program &#8220;OSKAR&#8221;.<\/p>\n","protected":false},"excerpt":{"rendered":"<p>Do 31. svibnja 2024. godine mo\u017eete iskoristiti posebnu ponudu &#8211; ako koristite neki knjigovodstveni program ili ste knjigovodstveni servis, program OSKAR mo\u017eete iznajmiti za samo 41,48 EUR mjese\u010dno (u iznos je uklju\u010den PDV). Za svako sljede\u0107e ra\u010dunalo cijena se uve\u0107ava za 25%. Tako bi cijena za tri umre\u017eena ra\u010dunala bila s uklju\u010denim PDV-om 62,21 EUR&hellip; <br \/> <a class=\"button small blue\" href=\"https:\/\/www.selcom.hr\/wpss\/?page_id=221\">Read more<\/a><\/p>\n","protected":false},"author":1,"featured_media":0,"parent":0,"menu_order":0,"comment_status":"closed","ping_status":"closed","template":"","meta":{"footnotes":""},"_links":{"self":[{"href":"https:\/\/www.selcom.hr\/wpss\/index.php?rest_route=\/wp\/v2\/pages\/221"}],"collection":[{"href":"https:\/\/www.selcom.hr\/wpss\/index.php?rest_route=\/wp\/v2\/pages"}],"about":[{"href":"https:\/\/www.selcom.hr\/wpss\/index.php?rest_route=\/wp\/v2\/types\/page"}],"author":[{"embeddable":true,"href":"https:\/\/www.selcom.hr\/wpss\/index.php?rest_route=\/wp\/v2\/users\/1"}],"replies":[{"embeddable":true,"href":"https:\/\/www.selcom.hr\/wpss\/index.php?rest_route=%2Fwp%2Fv2%2Fcomments&post=221"}],"version-history":[{"count":15,"href":"https:\/\/www.selcom.hr\/wpss\/index.php?rest_route=\/wp\/v2\/pages\/221\/revisions"}],"predecessor-version":[{"id":782,"href":"https:\/\/www.selcom.hr\/wpss\/index.php?rest_route=\/wp\/v2\/pages\/221\/revisions\/782"}],"wp:attachment":[{"href":"https:\/\/www.selcom.hr\/wpss\/index.php?rest_route=%2Fwp%2Fv2%2Fmedia&parent=221"}],"curies":[{"name":"wp","href":"https:\/\/api.w.org\/{rel}","templated":true}]}}