{"id":269,"date":"2018-05-11T17:58:46","date_gmt":"2018-05-11T15:58:46","guid":{"rendered":"http:\/\/www.selcom.hr\/wpss\/?page_id=269"},"modified":"2018-05-11T18:13:57","modified_gmt":"2018-05-11T16:13:57","slug":"269-2","status":"publish","type":"page","link":"https:\/\/www.selcom.hr\/wpss\/?page_id=269","title":{"rendered":"Politika za\u0161tite osobnih podataka"},"content":{"rendered":"<p align=\"Justify\">Po\u0161tovani klijenti,<br \/>\ntemeljem obaveza koje proizlaze iz Op\u0107e uredbe o za\u0161titi podataka (GDPR) definirana je <strong>Politika za\u0161tite osobnih podataka<\/strong> za tvrtku Selcom d.o.o., koja regulira i propisuje pristup za\u0161titi osobnih podataka.<\/p>\n<p align=\"Justify\">Politika utvr\u0111uje pravila povezana sa za\u0161titom pojedinaca kod prikupljanja i obrade osobnih podataka i pravila povezanih kretanjem osobnih podataka, a u primjeni je od 20. svibnja 2018. godine.<\/p>\n<p><strong>Politika za\u0161tite osobnih podataka odnosno \u201cPolitika privatnosti\u201d<br \/>\n<\/strong>Selcom d.o.o. Bjelovar, obvezuje se \u00a0na za\u0161titu Va\u0161ih osobnih podatka. S time Vas upoznaje tekst u nastavku.<strong><br \/>\n<\/strong><\/p>\n<p><strong>Za\u0161tita osobnih podatka \u2013 op\u0107enito<\/strong><br \/>\nOsobne podatke prikupljamo prije svega radi:<\/p>\n<ul>\n<li>osiguravanja pru\u017eanja tra\u017eene softverske usluge radi uspostavljanja knjigovodstvenog programa<\/li>\n<\/ul>\n<ul>\n<li>za korisnike \u0161to u\u010dinkovitijeg rje\u0161avanja obrade knjigovodstvenih podataka<\/li>\n<li>za obradu podataka vlastitog poslovanja (ra\u010dunovodstvo i drugo)<\/li>\n<\/ul>\n<p><strong>Podaci pokriveni sustavom Politike za\u0161tite osobnih podataka tj. politike privatnosti:<\/strong><\/p>\n<ul>\n<li>Ime i prezime<br \/>\n\u2022 Datum ro\u0111enja<br \/>\n\u2022 Adresa<br \/>\n\u2022 E-mail<br \/>\n\u2022 Broj telefona i\/ili faksa<br \/>\n\u2022 Osobni identifikacijski broj<br \/>\n\u2022 Ostali podaci koje razmijenite s nama, a \u017eelite da ostanu tajni<\/li>\n<\/ul>\n<p><strong>Vrijeme trajanja \u201cPolitike privatnosti\u201d<\/strong><\/p>\n<p align=\"Justify\">U trenutku dostavljanja Va\u0161ih podataka, Vi pristajete na kontakt s nama te nam time dajete pravo pristupa va\u0161im osobnim \u00a0podatcima\u00a0 na lokalnom ra\u010dunalu \u00a0putem programa udaljene podr\u0161ke. Navedenim postupkom va\u0161i podaci su nakon obrade tj. nakon prekida\u00a0 udaljene podr\u0161ke\u00a0 automatski na na\u0161em mediju obrisani, a \u010dime je osigurana\u00a0 za\u0161tita privatnosti va\u0161ih podataka. \u00a0Tim na\u010dinom obrade osobnih podataka \u00a0isklju\u010duje se mogu\u0107nist uvida u osobne podatke s na\u0161e strane.<\/p>\n<p><strong>Sadr\u017eaj \u201cPolitike privatnosti\u201d<\/strong><\/p>\n<p align=\"Justify\">Va\u0161u e-mail adresu i ostale podatke ne prodajemo, ne iznajmljujemo te ih ne\u0107emo staviti tre\u0107im pravnim i fizi\u010dkim osobama na raspolaganje. Selcom d.o.o. ne odgovara za slu\u010dajnu pogre\u0161ku ili pogre\u0161ku zbog vi\u0161e sile ili drugih objektivnih okolnosti kojima se uzrokuje slu\u010dajno kr\u0161enje zajam\u010dene za\u0161tite va\u0161ih podataka, ali jam\u010di da \u0107e pogre\u0161ka biti otklonjena, ako je to mogu\u0107e, \u010dim prije.<\/p>\n<p align=\"Justify\">Prikupljamo samo one osobne podatke koji su nam dobrovoljno dostavljeni i koji su nu\u017eni u skladu s va\u017ee\u0107im pozitivnim propisima RH, a u svrhu obavljanja poslovne djelatnosti.<\/p>\n<p><strong>Tajnost podataka<\/strong><\/p>\n<p align=\"Justify\">Va\u0161i osobni podaci ostaju tajni budu\u0107i se nakon prekida udaljene podr\u0161ke bri\u0161u, osim ako ih ne \u017eelite dobrovoljno otkriti.<\/p>\n<p><strong>Upotreba kola\u010di\u0107a (Cookies)<\/strong><\/p>\n<p align=\"Justify\">Kako bismo olak\u0161ali pregledavanje na\u0161ih internetskih stranica, na\u0161 poslu\u017eitelj globalne mre\u017ee koristi kola\u010di\u0107e.<\/p>\n<p><strong>Poruka elektroni\u010dkom po\u0161tom.<\/strong><\/p>\n<p align=\"Justify\">Kada nam \u0161aljete elektroni\u010dku po\u0161tu (e-po\u0161tu) s osobnim podacima po kojima Vas je mogu\u0107e identificirati, bilo putem e-po\u0161te s pitanjem ili komentarom, ili obrascem koji nam dostavljate elektroni\u010dkom po\u0161tom, mi te podatke koristimo u svrhu ispunjenja Va\u0161ih zahtjeva.<\/p>\n<p>&nbsp;<\/p>\n<p><strong>Promjene i prestanak uvjeta kori\u0161tenja <\/strong><\/p>\n<p align=\"Justify\">Selcom d.o.o. \u00a0daje i pridr\u017eava pravo izmjene ugovornog odnosa ili prekida suradnje u bilo kojem trenutku, a u skladu s osnovnim ugovorom o poslovnoj suradnji.<\/p>\n<p align=\"Justify\">Ovaj dokument u pdf formatu mo\u017eete preuzeti <a href=\"http:\/\/selcom.hr\/ozp.pdf\">ovdje!<\/a><\/p>\n<p>Bjelovar, 24.04.2018.<\/p>\n<p style=\"text-align: right;\">\u00a0 \u00a0 \u00a0 \u00a0 \u00a0 \u00a0 \u00a0 \u00a0 \u00a0 \u00a0 \u00a0 \u00a0 \u00a0 \u00a0 \u00a0 \u00a0 \u00a0 \u00a0 \u00a0 \u00a0 \u00a0 \u00a0 \u00a0 \u00a0 \u00a0 \u00a0 \u00a0 Direktor:<br \/>\nJelena Kova\u010dev<\/p>\n<p style=\"text-align: left;\">\n","protected":false},"excerpt":{"rendered":"<p>Po\u0161tovani klijenti, temeljem obaveza koje proizlaze iz Op\u0107e uredbe o za\u0161titi podataka (GDPR) definirana je Politika za\u0161tite osobnih podataka za tvrtku Selcom d.o.o., koja regulira i propisuje pristup za\u0161titi osobnih podataka. Politika utvr\u0111uje pravila povezana sa za\u0161titom pojedinaca kod prikupljanja i obrade osobnih podataka i pravila povezanih kretanjem osobnih podataka, a u primjeni je od&hellip; <br \/> <a class=\"button small blue\" href=\"https:\/\/www.selcom.hr\/wpss\/?page_id=269\">Read more<\/a><\/p>\n","protected":false},"author":1,"featured_media":0,"parent":105,"menu_order":1,"comment_status":"closed","ping_status":"closed","template":"","meta":{"footnotes":""},"_links":{"self":[{"href":"https:\/\/www.selcom.hr\/wpss\/index.php?rest_route=\/wp\/v2\/pages\/269"}],"collection":[{"href":"https:\/\/www.selcom.hr\/wpss\/index.php?rest_route=\/wp\/v2\/pages"}],"about":[{"href":"https:\/\/www.selcom.hr\/wpss\/index.php?rest_route=\/wp\/v2\/types\/page"}],"author":[{"embeddable":true,"href":"https:\/\/www.selcom.hr\/wpss\/index.php?rest_route=\/wp\/v2\/users\/1"}],"replies":[{"embeddable":true,"href":"https:\/\/www.selcom.hr\/wpss\/index.php?rest_route=%2Fwp%2Fv2%2Fcomments&post=269"}],"version-history":[{"count":6,"href":"https:\/\/www.selcom.hr\/wpss\/index.php?rest_route=\/wp\/v2\/pages\/269\/revisions"}],"predecessor-version":[{"id":287,"href":"https:\/\/www.selcom.hr\/wpss\/index.php?rest_route=\/wp\/v2\/pages\/269\/revisions\/287"}],"up":[{"embeddable":true,"href":"https:\/\/www.selcom.hr\/wpss\/index.php?rest_route=\/wp\/v2\/pages\/105"}],"wp:attachment":[{"href":"https:\/\/www.selcom.hr\/wpss\/index.php?rest_route=%2Fwp%2Fv2%2Fmedia&parent=269"}],"curies":[{"name":"wp","href":"https:\/\/api.w.org\/{rel}","templated":true}]}}