{"id":27,"date":"2012-01-04T00:21:56","date_gmt":"2012-01-03T23:21:56","guid":{"rendered":"http:\/\/www.selcom.hr\/wpss\/?page_id=27"},"modified":"2017-10-30T21:58:48","modified_gmt":"2017-10-30T19:58:48","slug":"o-nama","status":"publish","type":"page","link":"https:\/\/www.selcom.hr\/wpss\/?page_id=27","title":{"rendered":"O nama"},"content":{"rendered":"<p style=\"text-align: justify;\">Selcom d.o.o. je tvrtka specijalizirana za\u00a0projektiranje i izradu programa, prije svega za poslovne i knjigovodstvene usluge. Tijekom vi\u0161e od 23 godina poslovanja istaknuli smo se kao siguran partner sa naglaskom na individualni pristup svakom korisniku, maksimalnu personalizaciju i podr\u0161ku klijentima. O uspje\u0161nosti tvrtke i pouzdanosti programa govori i na\u0161a referentna lista s preko 200 zadovoljnih korisnika.<\/p>\n<p style=\"text-align: justify;\">Na\u0161a je misija kvalitetnom uslugom osigurati povjerenje korisnika. Kontinuiranim pra\u0107enjem i prilagodbom programa zakonskim promjenama i aktualnim trendovima na tr\u017ei\u0161tu nastojimo pobolj\u0161avati vlastite poslovne procese i samim time olak\u0161avati poslovne procese svojim korisnicima.<\/p>\n<p style=\"text-align: justify;\">Na\u0161a je vizija dugoro\u010dan rast i kontinuirano usavr\u0161avanje kvalitete na\u0161ih usluga u cilju stvaranja dodatne vrijednosti za klijenta te time postati pouzdan i prepoznatljiv partner postoje\u0107im i potencijalnim klijentima. Tijekom proteklih dvadesetak godina to nam je i uspjevalo, nadamo se da \u0107e tako biti i ubudu\u0107e.<\/p>\n<p>&nbsp;<\/p>\n<table border=\"1\" width=\"100%\">\n<tbody>\n<tr>\n<td valign=\"center\" width=\"40%\">Registracija tvrtke<\/td>\n<td width=\"60%\">Trgova\u010dki sud u Bjelovaru, broj registra: 1-1972<\/td>\n<\/tr>\n<tr>\n<td valign=\"center\" width=\"40%\">Temeljni kapital:<\/td>\n<td width=\"60%\">20.000,00 kuna upla\u0107en u cjelosti<\/td>\n<\/tr>\n<tr>\n<td valign=\"center\" width=\"40%\">Sjedi\u0161te tvrtke<\/td>\n<td width=\"60%\">43000 Bjelovar,<br \/>\nPuri\u010dani, Vijenac 48.<\/td>\n<\/tr>\n<tr>\n<td valign=\"center\" width=\"40%\">Adresa ureda<\/td>\n<td width=\"60%\">43000 Bjelovar, Petra Zrinskog 5.<\/td>\n<\/tr>\n<tr>\n<td valign=\"center\" width=\"40%\">Telefon &#8211; Fax<\/td>\n<td width=\"60%\">043\/241-830, 091\/2241-830,<br \/>\n091\/1340-602, 098\/340-602<\/td>\n<\/tr>\n<tr>\n<td width=\"40%\">OIB<\/td>\n<td width=\"60%\">67924327399<\/td>\n<\/tr>\n<tr>\n<td width=\"40%\">Mati\u010dni broj<\/td>\n<td width=\"60%\">03958094<\/td>\n<\/tr>\n<tr>\n<td width=\"40%\">\u0160ifra djelatnosti<\/td>\n<td width=\"60%\">6201 &#8211; Programiranje ra\u010dunala<\/td>\n<\/tr>\n<tr>\n<td valign=\"center\" width=\"40%\">Poslovne banke<\/td>\n<td width=\"60%\">Erste&amp;Steierm\u00e4rkische Bank d.d.<br \/>\nRaiffeisen Bank Austria<\/td>\n<\/tr>\n<tr>\n<td valign=\"center\" width=\"40%\">IBAN ra\u010duni<\/td>\n<td width=\"60%\">HR2324020061100002215,<br \/>\nHR4224840081100713980<\/td>\n<\/tr>\n<tr>\n<td width=\"40%\">Tip poduzetnika<\/td>\n<td width=\"60%\">Mali poduzetnik<\/td>\n<\/tr>\n<tr>\n<td width=\"40%\">Oblik organiziranja<\/td>\n<td width=\"60%\">Privatno vlasni\u0161tvo<\/td>\n<\/tr>\n<tr>\n<td width=\"40%\">Trenuta\u010dan broj zaposlenih<\/td>\n<td width=\"60%\">Tri programera<\/td>\n<\/tr>\n<tr>\n<td width=\"40%\">Odgovorna osoba<\/td>\n<td width=\"60%\">Jelena Kova\u010dev<\/td>\n<\/tr>\n<tr>\n<td width=\"40%\">\u010clan uprave<\/td>\n<td width=\"60%\">Jelena Kova\u010dev<\/td>\n<\/tr>\n<\/tbody>\n<\/table>\n<p>&nbsp;<\/p>\n","protected":false},"excerpt":{"rendered":"<p>Selcom d.o.o. je tvrtka specijalizirana za\u00a0projektiranje i izradu programa, prije svega za poslovne i knjigovodstvene usluge. Tijekom vi\u0161e od 23 godina poslovanja istaknuli smo se kao siguran partner sa naglaskom na individualni pristup svakom korisniku, maksimalnu personalizaciju i podr\u0161ku klijentima. O uspje\u0161nosti tvrtke i pouzdanosti programa govori i na\u0161a referentna lista s preko 200 zadovoljnih&hellip; <br \/> <a class=\"button small blue\" href=\"https:\/\/www.selcom.hr\/wpss\/?page_id=27\">Read more<\/a><\/p>\n","protected":false},"author":1,"featured_media":0,"parent":0,"menu_order":3,"comment_status":"closed","ping_status":"closed","template":"","meta":{"footnotes":""},"_links":{"self":[{"href":"https:\/\/www.selcom.hr\/wpss\/index.php?rest_route=\/wp\/v2\/pages\/27"}],"collection":[{"href":"https:\/\/www.selcom.hr\/wpss\/index.php?rest_route=\/wp\/v2\/pages"}],"about":[{"href":"https:\/\/www.selcom.hr\/wpss\/index.php?rest_route=\/wp\/v2\/types\/page"}],"author":[{"embeddable":true,"href":"https:\/\/www.selcom.hr\/wpss\/index.php?rest_route=\/wp\/v2\/users\/1"}],"replies":[{"embeddable":true,"href":"https:\/\/www.selcom.hr\/wpss\/index.php?rest_route=%2Fwp%2Fv2%2Fcomments&post=27"}],"version-history":[{"count":19,"href":"https:\/\/www.selcom.hr\/wpss\/index.php?rest_route=\/wp\/v2\/pages\/27\/revisions"}],"predecessor-version":[{"id":535,"href":"https:\/\/www.selcom.hr\/wpss\/index.php?rest_route=\/wp\/v2\/pages\/27\/revisions\/535"}],"wp:attachment":[{"href":"https:\/\/www.selcom.hr\/wpss\/index.php?rest_route=%2Fwp%2Fv2%2Fmedia&parent=27"}],"curies":[{"name":"wp","href":"https:\/\/api.w.org\/{rel}","templated":true}]}}