{"id":647,"date":"2022-10-04T08:40:50","date_gmt":"2022-10-04T06:40:50","guid":{"rendered":"https:\/\/www.selcom.hr\/wpss\/?page_id=647"},"modified":"2024-03-10T15:15:29","modified_gmt":"2024-03-10T13:15:29","slug":"one-page-express","status":"publish","type":"page","link":"https:\/\/www.selcom.hr\/wpss\/","title":{"rendered":"Front Page"},"content":{"rendered":"<div id=\"overlapable-2\" class=\"features-coloured-icon-boxes-section\" style=\"background-color: #ffffff;\" data-label=\"Overlapable\" data-id=\"stripped-coloured-icon-boxes\" data-category=\"overlapable\" data-overlap=\"true\">\n<div class=\"gridContainer\">\n<div class=\"features-coloured-icon-boxes-innerrow flexbox-list dark-text\" data-type=\"row\">\n<div class=\"features-coloured-icon-boxes-featurecol cp3cols\">\n<div class=\"features-coloured-icon-boxes-iconcontainer\" data-content-item-container=\"true\"><\/div>\n<h4 class=\"\">Novosti<\/h4>\n<p class=\"\">Saznajte sve aktualnosti, na\u0161e najnovije ponude te dopune vezane za program Oskar. Idemo na seminare, pratimo trendove i promjene na tr\u017ei\u0161tu kako bismo pravovremeno reagirali i osigurali da je va\u0161e poslovanje bez pote\u0161ko\u0107a.<\/p>\n<p class=\"\"><a class=\"features-coloured-button\" href=\"#\" target=\"_self\" rel=\"noopener\">Vi\u0161e<\/a><\/p>\n\n<\/div>\n<div class=\"features-coloured-icon-boxes-featurecol cp3cols\">\n<div class=\"features-coloured-icon-boxes-iconcontainer\" data-content-item-container=\"true\"><\/div>\n<h4 class=\"\">Dizajn<\/h4>\n<p class=\"\">Nakon gotovo 30 godina postojanja odlu\u010dili smo pro\u0161iriti na\u0161e usluge i na podru\u010dje marketin\u0161ke komunikacije i grafi\u010dkog dizajna! Za sve \u0161to vam je potrebno iz podru\u010dja dizajna slobodno nas nazovite ili po\u0161aljite e-mail.<\/p>\n<p class=\"\"><a class=\"features-coloured-button\" href=\"#\" target=\"_self\" rel=\"noopener\">Vi\u0161e<\/a><\/p>\n\n<\/div>\n<div class=\"features-coloured-icon-boxes-featurecol cp3cols\">\n<div class=\"features-coloured-icon-boxes-iconcontainer\" data-content-item-container=\"true\"><\/div>\n<h4 class=\"\">\u0160to je \u201cOSKAR\u201d<\/h4>\n<p class=\"\">Oskar je integrirani poslovni program za vo\u0111enje poslovanja manjih i srednjih poduze\u0107a i knjigovodstvenih servisa. U potpunosti je modularan i mogu\u0107e ga je prilagoditi individualnim potrebama svakog korisnika.<\/p>\n<p class=\"\"><a class=\"features-coloured-button\" href=\"#\" target=\"_self\" rel=\"noopener\">Vi\u0161e<\/a><\/p>\n\n<\/div>\n<div class=\"features-coloured-icon-boxes-featurecol cp3cols\">\n<div class=\"features-coloured-icon-boxes-iconcontainer\" data-content-item-container=\"true\"><\/div>\n<h4 class=\"\">Iz na\u0161e ponude<\/h4>\n<p class=\"\">\u2013 program \u201cOSKAR\u201d za knjigovodstvene servise\n\u2013 knjigovodstveni programi<\/p>\n<p class=\"\">\u2013 programi za proizvodnju\n\u2013 programi za veterinare\n\u2013 izrada web stranica\n\u2013 izrada web trgovina<\/p>\n<p class=\"\">\u2013 web veleprodaja<\/p>\n<p class=\"\"><a class=\"features-coloured-button\" href=\"#\" target=\"_self\" rel=\"noopener\">Vi\u0161e<\/a><\/p>\n\n<\/div>\n<\/div>\n<\/div>\n<\/div>\n<div id=\"content-4\" class=\"content-right-image-section\" style=\"background-color: #f6f6f6;\" data-label=\"Content\" data-id=\"content-image-right\" data-category=\"content\">\n<div class=\"gridContainer\">\n<div class=\"content-right-image-gridcol\">\n<div class=\"content-right-image-textcol dynamic-color\" data-type=\"column\">\n<h2 class=\"\">\u0160TO VAM NUDIMO?<\/h2>\n<p class=\"large_text\">Prije svega nudimo ravnopravni partnerski odnos i sigurnost u poslovanju. Redovito idemo na seminare, pratimo sve zakonske promjene, ugra\u0111ujemo ih u na\u0161e programe i na taj na\u010din osiguravamo da je va\u0161e knjigovodstveno poslovanje bez pote\u0161ko\u0107a i bez stresa.<\/p>\n<p class=\"\"><strong>Male tro\u0161kove<\/strong>\nRade\u0107i s nama imat \u0107ete vrlo male tro\u0161kove vezane za obradu knjigovodstvenih promjena, a za uzvrat dobit \u0107ete maksimum sigurnosti i kvalitetu koju je prepoznalo vi\u0161e od 200 tvrtki \u2026<\/p>\n<p class=\"\"><strong>Dizajn<\/strong>\nNakon gotovo 30 godina postojanja odlu\u010dili smo pro\u0161iriti na\u0161e usluge i na podru\u010dje marketin\u0161ke komunikacije i grafi\u010dkog dizajna! Za sve \u0161to vam je potrebno iz podru\u010dja dizajna slobodno nam se javite.<\/p>\n<p class=\"\"><strong>\u0160to je \u201cOskar\u201d<\/strong>\nOskar je integrirani poslovni program za vo\u0111enje poslovanja manjih i srednjih poduze\u0107a i knjigovodstvenih servisa. U potpunosti je modularan i mogu\u0107e ga je prilagoditi individualnim potrebama svakog korisnika.<\/p>\n<p class=\"\"><strong>Zemmi<\/strong>\nSve \u0161to trebate za Va\u0161 virtualni svijet imate ovdje! ZEMMI je nova i jedinstvena tr\u017ei\u0161na platforma namijenjena za pomo\u0107 u prodaji proizvoda i usluga bez obzira da li se radi o poljoprivrednim proizvo\u0111a\u010dima, obrtima, tvrtkama, udrugama ili zadrugama.<a class=\"button blue\" href=\"https:\/\/zemmi.net\">Saznajte vi\u0161e na zemmi.net<\/a><\/p>\nzemmi.net \u2013 NAJ<span style=\"color: revert; font-size: revert; font-weight: revert;\">BOLJI IZBOR ZA VAS?<\/span>\n\n<\/div>\n<\/div>\n<\/div>\n<\/div>\n<div id=\"about-5\" class=\"about-text-icons-section\" style=\"background-color: #f6f6f6;\" data-label=\"About\" data-id=\"about-text-icons-section\" data-category=\"about\">\n<div class=\"gridContainer\">\n<div class=\"about-text-icons-innerrow dynamic-color\">\n<div class=\"about-text-icons-textcol\" data-type=\"column\">\n<p class=\"\">Jednostavni, pouzdani, potpuno automatizirani, dobro rade u mre\u017enom okru\u017eenju, integrirani i prilago\u0111eni potrebama korisnika. To je uz stru\u010dnu podr\u0161ku za Vas dobitna kombinacija \u2026<\/p>\n<p class=\"\"><a class=\"button blue\" href=\"tel:098\/340-602\">Sve \u0161to trebate je samo uzeti telefon u ruku!<\/a><\/p>\n\n<\/div>\n<div class=\"about-text-icons-cols flexbox-list\">\n<div class=\"about-text-icons-iconcol\">\n\n<strong><span style=\"color: revert; font-size: revert;\">Jednostavnost<\/span><\/strong>\n<p class=\"\">Oskar je nastao nakon 15-godi\u0161njeg rada autora u knjigovodstvu i to se je odrazilo na kvaliteti istog. Jednom unijeta stavka, automatski se preslikava u sve knjige. Rad u programu je intuitivan i vrlo jednostavan, tako da i osobe s relativno malo knjigovodstvenog iskustva vrlo brzo ulaze u svijet knjigovodstva \u2026<\/p>\n\n<\/div>\n<div class=\"about-text-icons-iconcol\">\n<h4 class=\"\">Stru\u010dna podr\u0161ka<\/h4>\n<p class=\"\">Svaki dan na raspolaganju su vam Jelena, Zoran i Hrvoje, tako da ih, u slu\u010daju neke hitne intervencije, uvijek mo\u017eete nazvati i uz njihovu pomo\u0107 otkloniti eventualni problem \u2026<\/p>\n\n<\/div>\n<div class=\"about-text-icons-iconcol\">\n<h4 class=\"\">Prilagodba potrebama korisnika<\/h4>\n<p class=\"\">Program Oskar je tipski knjigovodstveni program, ali ukoliko imate neke specijalne zahtjeve to se lako rje\u0161ava i ugra\u0111uje u va\u0161u aplikaciju \u2026<\/p>\n\n<\/div>\n<\/div>\n<h4 class=\"\">Pouzdanost u radu<\/h4>\n<p class=\"\">Nakon instalacije programa, kad poslije nekoliko sati svladate tehniku knji\u017eenja, vi\u0161e programera ne trebate, osim u slu\u010daju zakonskih promjena. Program odli\u010dno radi u mre\u017enom okru\u017eenju. Stavka unijeta na jednom ra\u010dunalu isti je trenutak vidljiva i na svim ostalima spojenima u mre\u017eu \u2026<\/p>\n\n<\/div>\n<\/div>\n<\/div>\n<div id=\"portfolio-2\" style=\"background-color: #ffffff;\" data-label=\"Portfolio\" data-id=\"portfolio-full-section\" data-category=\"portfolio\">\n<div class=\"portfolio-full-section\" data-type=\"row\">\n<div class=\"portfolio-full-projectco cp4cols cp4cols-tablet\">\n<div id=\"ContentSwap103\" class=\"contentswap-effect ContentSwap103\">\n<figure><img decoding=\"async\" class=\"portfolio-full-projectimg\" src=\"http:\/\/www.selcom.hr\/wpss\/wp-content\/uploads\/2022\/10\/cropped-oskar-1.png\" data-size=\"1200x800\"><\/figure>\n<div class=\"ContentSwap103_content initial-image\"><\/div>\n<div class=\"overlay\" style=\"display: block; opacity: 1;\"><\/div>\n<div class=\"swap-inner\" style=\"opacity: 1; display: block;\">\n<div class=\"ContentSwap103-center\">\n<h4 class=\"protfolio-full-itemtitle\">Knjigovodstveni servisi<\/h4>\n<a class=\"button yellow\" href=\"https:\/\/www.selcom.hr\/wpss?page_id=93\" target=\"_self\" rel=\"noopener\">Program \u201cOSKAR\u201d<\/a>\n\n<\/div>\n<\/div>\n<\/div>\n<\/div>\n<div class=\"portfolio-full-projectco cp4cols cp4cols-tablet\">\n<div id=\"ContentSwap103\" class=\"contentswap-effect ContentSwap103\">\n<figure><img decoding=\"async\" class=\"portfolio-full-projectimg\" src=\"http:\/\/www.selcom.hr\/wpss\/wp-content\/uploads\/2022\/10\/cropped-blagajna-2.jpg\" data-size=\"1200x800\"><\/figure>\n<div class=\"ContentSwap103_content initial-image\"><\/div>\n<div class=\"overlay\" style=\"display: block; opacity: 1;\"><\/div>\n<div class=\"swap-inner\" style=\"opacity: 1; display: block;\">\n<div class=\"ContentSwap103-center\">\n<h4 class=\"protfolio-full-itemtitle\">Trgovine \u2013 ugostitelji \u2013 poljoprivredne apoteke \u2026<\/h4>\n<a class=\"button yellow\" href=\"#\" target=\"_self\" rel=\"noopener\">Maloprodajne kase<\/a>\n\n<\/div>\n<\/div>\n<\/div>\n<\/div>\n<div class=\"portfolio-full-projectco cp4cols cp4cols-tablet\">\n<div id=\"ContentSwap103\" class=\"contentswap-effect ContentSwap103\">\n<figure><img decoding=\"async\" class=\"portfolio-full-projectimg\" src=\"https:\/\/www.selcom.hr\/wpss\/wp-content\/uploads\/2022\/10\/cropped-web.jpg\" data-size=\"1200x800\"><\/figure>\n<div class=\"ContentSwap103_content initial-image\"><\/div>\n<div class=\"overlay\" style=\"display: block; opacity: 1;\"><\/div>\n<div class=\"swap-inner\" style=\"opacity: 1; display: block;\">\n<div class=\"ContentSwap103-center\">\n<h4 class=\"protfolio-full-itemtitle\">Izrada web stranica \u2013 web trgovina \u2013 web veleprodaja<\/h4>\n<a class=\"button yellow\" href=\"#\" target=\"_self\" rel=\"noopener\">WEB projekti<\/a>\n\n<\/div>\n<\/div>\n<\/div>\n<\/div>\n<\/div>\n<\/div>\n<div id=\"testimonials-1\" class=\"testimonials-boxed-section\" style=\"background-color: #f6f6f6;\" data-label=\"Testimonials\" data-id=\"testimonials-boxed-section\" data-category=\"testimonials\">\n<div class=\"gridContainer\">\n<div class=\"testimonials-boxed-textcol dynamic-color\" data-type=\"column\">\n<h2 class=\"\">\u0160to ka\u017eu na\u0161i klijenti<\/h2>\n<p class=\"\">Lorem ipsum dolor sit amet, consectetur adipisicing elit, sed do eiusmod tempor incididunt ut labore et dolore magna aliqua. Ut enim ad minim veniam, quis nostrud exercitation ullamco laboris nisi.<\/p>\n\n<\/div>\n<div class=\"testimonials-boxed-itemsrow dark-text\" data-type=\"row\">\n<div class=\"testimonials-boxed-itemcol cp4cols cp6cols-tablet\">\n<div class=\"testimonials-boxed-itemcard\" data-type=\"column\">\n<h4 class=\"testimonials-boxed-itemtext\">\u201cLorem ipsum dolor sit amet, consectetur adipisicing elit, sed do eiusmod tempor incididunt ut labore et dolore magna aliqua. Ut enim ad minim veniam.\u201d<\/h4>\n<figure class=\"\"><img decoding=\"async\" class=\"testimonials-boxed-itemimg\" src=\"http:\/\/www.selcom.hr\/wpss\/wp-content\/uploads\/2022\/10\/cropped-lazo1.jpg\" alt=\"\" data-size=\"500x500\"><\/figure>\n<p class=\"\"><\/p>\n\n<h5 class=\"testimonials-boxed-itemname\">KRIF D.O.O.<\/h5>\n<h6 class=\"testimonials-boxed-itempos\">CEO @ COOLAPP<\/h6>\n<\/div>\n<\/div>\n<div class=\"testimonials-boxed-itemcol cp4cols cp6cols-tablet\">\n<div class=\"testimonials-boxed-itemcard\" data-type=\"column\">\n<h4 class=\"testimonials-boxed-itemtext\">\u201cLorem ipsum dolor sit amet, consectetur adipisicing elit, sed do eiusmod tempor incididunt ut labore et dolore magna aliqua. Ut enim ad minim veniam.\u201d<\/h4>\n<figure class=\"\"><img decoding=\"async\" class=\"testimonials-boxed-itemimg\" src=\"https:\/\/www.selcom.hr\/wpss\/wp-content\/plugins\/one-page-express-companion\/theme-data\/one-page-express\/sections\/images\/face9.jpg\" data-size=\"500x500\"><\/figure>\n<p class=\"\"><\/p>\n\n<h5 class=\"testimonials-boxed-itemname\">Eric Black<\/h5>\n<h6 class=\"testimonials-boxed-itempos\">CEO @ COOLAPP<\/h6>\n<\/div>\n<\/div>\n<div class=\"testimonials-boxed-itemcol cp4cols cp6cols-tablet\">\n<div class=\"testimonials-boxed-itemcard\" data-type=\"column\">\n<h4 class=\"testimonials-boxed-itemtext\">\u201cLorem ipsum dolor sit amet, consectetur adipisicing elit, sed do eiusmod tempor incididunt ut labore et dolore magna aliqua. Ut enim ad minim veniam.\u201d<\/h4>\n<figure class=\"\"><img decoding=\"async\" class=\"testimonials-boxed-itemimg\" src=\"https:\/\/www.selcom.hr\/wpss\/wp-content\/plugins\/one-page-express-companion\/theme-data\/one-page-express\/sections\/images\/face7.jpg\" data-size=\"500x500\"><\/figure>\n<p class=\"\"><\/p>\n\n<h5 class=\"testimonials-boxed-itemname\">John Collins<\/h5>\n<h6 class=\"testimonials-boxed-itempos\">CEO @ COOLAPP<\/h6>\n<\/div>\n<\/div>\n<\/div>\n<\/div>\n<\/div>\n<div id=\"content-3\" class=\"content-left-image-section\" style=\"background-color: #ffffff;\" data-label=\"Content\" data-id=\"content-image-left\" data-category=\"content\">\n<div class=\"\">\n<div class=\"row\">\n<figure>\n\n<div style=\"width: 418px\" class=\"wp-caption alignright\"><a href=\"https:\/\/zemmi.net\"><img loading=\"lazy\" decoding=\"async\" class=\"\" src=\"http:\/\/www.selcom.hr\/wpss\/wp-content\/uploads\/2022\/10\/cekeri-e1710074766157.jpg\" alt=\"zemmi\" width=\"408\" height=\"296\"><\/a><p class=\"wp-caption-text\">zemmi.net<\/p><\/div><\/figure>\n<div class=\"content-left-image-imgcol\" style=\"padding-left: 40px;\" data-type=\"column\"><span style=\"color: #ff0000;\"><strong><span style=\"font-size: revert;\">Zaboravite \u201ccekere\u201d koristite \u201cZEMMI\u201d<\/span><\/strong><\/span><\/div>\n<div class=\"content-left-image-textcol dynamic-color\" data-type=\"column\">\n<p class=\"large_text\">Zahvaljuju\u0107i Internetu, Internet trgovina je postala iznimno popularan oblik trgovine. Internet trgovina predstavlja sve na\u010dine poslovanja putem Interneta, kao \u0161to su: kupnja i prodaja robe, usluga, nov\u010dani transfer sredstava. Internet trgovina je prodajno mjesto otvoreno 24 sata dnevno, svaki dan, a proizvod je dostupan i onim najudaljenijim Internet korisnicima. Tome u prilog govori promet takvih trgovina u odnosu na fizi\u010dke.<\/p>\n<p class=\"\">Web trgovina je naprofitabilniji oblik trgovine, zbog daleko manje investicije kod otvaranja od klasi\u010dne trgovine te niskih tro\u0161kova. Bilo da se radi o ponudi nekog fizi\u010dkog proizvoda \u2013 fizi\u010dke trgovine imaju niz ograni\u010denja, a njihovo odr\u017eavanje iziskuje zna\u010dajnije tro\u0161kove od razvoja web shopa. Vlasnici web trgovina imaju i puno drugih prednosti \u2013 u svakom trenutku je mogu\u0107e vidjeti posje\u0107enost, popularnosti proizvoda, analizu kupaca i dr. \u0161to je pak mogu\u0107e iskoristiti za dalje pobolj\u0161anje i oblikovanje ponude.<\/p>\n<p class=\"\"><a class=\"button blue\" href=\"https:\/\/zemmi.net\" target=\"_self\" rel=\"noopener\"> Saznajte vi\u0161e \u2026 <\/a><\/p>\n\n<\/div>\n<\/div>\n<\/div>\n<\/div>\n<div id=\"cta-1\" class=\"cta-blue-section\" data-label=\"Call to action\" data-id=\"cta-blue-section\" data-category=\"cta\">\n<div class=\"gridContainer\">\n<div class=\"flexbox-list flexbox-list-align-center row\">\n<div class=\"cta-blue-textcol dynamic-color\">\n<h2 class=\"cta-blue-text\"><b class=\"element2\"> Ne propustite ovu&nbsp; ponudu. <\/b> Provjerite za\u0161to!<\/h2>\n<\/div>\n<div class=\"cta-blue-btncol\"><a class=\"button big yellow dark-text\" href=\"https:\/\/zemmi.net\" target=\"_self\" rel=\"noopener\"> Sve \u0161to trebate za svoj virtualni svijet imate ovdje <\/a><\/div>\n<\/div>\n<\/div>\n<\/div>\n<div id=\"team-1\" class=\"team-colors-section\" style=\"background-color: #ffffff;\" data-label=\"Team\" data-id=\"team-colors-section\" data-category=\"team\">\n<div class=\"gridContainer\">\n<div class=\"team-colors-textcol dynamic-color\">\n<h2>Upoznajte na\u0161u ekipu<\/h2>\n<p class=\"\">Lorem ipsum dolor sit amet, consectetur adipisicing elit, sed do eiusmod tempor incididunt ut labore et dolore magna aliqua. Ut enim ad minim veniam, quis nostrud exercitation.<\/p>\n\n<\/div>\n<div class=\"team-colors-membersrow dark-text\" data-type=\"row\">\n<div class=\"team-colors-membercol cp3cols cp6cols-tablet\">\n<div class=\"team-colors-membercard\">\n<div class=\"team-colors-background\"><\/div>\n<div class=\"team-colors-memberinfo\" data-type=\"column\"><img decoding=\"async\" class=\"team-colors-memberimg\" src=\"http:\/\/www.selcom.hr\/wpss\/wp-content\/uploads\/2022\/10\/cropped-zoran.jpg\" alt=\"\" data-size=\"500x500\">\n<p class=\"\"><\/p>\n\n<h4 class=\"team-colors-membername\">Zoran<\/h4>\n<p class=\"team-colors-memberposition\">programer desktop aplikacija<\/p>\n<p class=\"\">Lorem ipsum dolor sit amet, consectetur adipisicing elit, sed do eiusmod tempor incididunt.<\/p>\n\n\n<hr class=\"team-colors-separator\">\n\n<\/div>\n<div class=\"team-colors-membericons\" data-type=\"group\"><\/div>\n<\/div>\n<\/div>\n<div class=\"team-colors-membercol cp3cols cp6cols-tablet\">\n<div class=\"team-colors-membercard\">\n<div class=\"team-colors-background\"><\/div>\n<div class=\"team-colors-memberinfo\" data-type=\"column\"><img decoding=\"async\" class=\"team-colors-memberimg\" src=\"http:\/\/www.selcom.hr\/wpss\/wp-content\/uploads\/2022\/10\/cropped-hrvoje.jpg\" alt=\"\" data-size=\"500x500\">\n<p class=\"\"><\/p>\n\n<h4 class=\"team-colors-membername\">Hrvoje<\/h4>\n<p class=\"team-colors-memberposition\">programer web aplikacija<\/p>\n<p class=\"\">Lorem ipsum dolor sit amet, consectetur adipisicing elit, sed do eiusmod tempor incididunt.<\/p>\n\n\n<hr class=\"team-colors-separator\">\n\n<\/div>\n<div class=\"team-colors-membericons\" data-type=\"group\"><\/div>\n<\/div>\n<\/div>\n<div class=\"team-colors-membercol cp3cols cp6cols-tablet\">\n<div class=\"team-colors-membercard\">\n<div class=\"team-colors-background\"><\/div>\n<div class=\"team-colors-memberinfo\" data-type=\"column\"><img decoding=\"async\" class=\"team-colors-memberimg\" src=\"http:\/\/www.selcom.hr\/wpss\/wp-content\/uploads\/2022\/10\/cropped-jelena1.jpg\" alt=\"\" data-size=\"500x500\">\n<p class=\"\"><\/p>\n\n<h4 class=\"team-colors-membername\">Jelena<\/h4>\n<p class=\"team-colors-memberposition\">direktor<\/p>\n<p class=\"\">Po slici nitko ne bi rekao, ali ona je alfa i omega tvrtke. Direktor, programer, komunikacija s korisnicima, pra\u0107enje propisa, organizacija svih aktivnosti. Te\u0161ko je sve nabrojati i \u0161to je najva\u017enije, nikad ni\u0161ta ne zaboravlja jer sve pi\u0161e \u2026<\/p>\n\n\n<hr class=\"team-colors-separator\">\n\n<\/div>\n<div class=\"team-colors-membericons\" data-type=\"group\"><\/div>\n<\/div>\n<\/div>\n<div class=\"team-colors-membercol cp3cols cp6cols-tablet\">\n<div class=\"team-colors-membercard\">\n<div class=\"team-colors-background\"><\/div>\n<div class=\"team-colors-memberinfo\" data-type=\"column\"><img decoding=\"async\" class=\"team-colors-memberimg\" src=\"http:\/\/www.selcom.hr\/wpss\/wp-content\/uploads\/2022\/10\/cropped-zeljko1.jpg\" alt=\"\" data-size=\"500x500\">\n<p class=\"\"><\/p>\n\n<h4 class=\"team-colors-membername\">\u017deljko<\/h4>\n<p class=\"team-colors-memberposition\">voditelj razvoja<\/p>\n<p class=\"\">Lorem ipsum dolor sit amet, consectetur adipisicing elit, sed do eiusmod tempor incididunt.<\/p>\n\n\n<hr class=\"team-colors-separator\">\n\n<\/div>\n<div class=\"team-colors-membericons\" data-type=\"group\"><\/div>\n<\/div>\n<\/div>\n<\/div>\n<\/div>\n<\/div>\n<div id=\"numbers\" class=\"numbers-section\" data-label=\"Numbers\" data-id=\"numbers-section\" data-category=\"numbers\" data-bg=\"transparent\" data-parallax-depth=\"20\">\n<div class=\"gridContainer dynamic-color\">\n<div class=\"numbers-itemcol\">\n<h2 class=\"numbers-numbertext\">33<\/h2>\n<h3 class=\"numbers-titletext\">godine na tr\u017ei\u0161tu<\/h3>\n<\/div>\n<div class=\"numbers-itemcol\">\n<h2 class=\"numbers-numbertext\">vi\u0161e od 170<\/h2>\n<h3 class=\"numbers-titletext\">knjigovodstvenih servisa<\/h3>\n<\/div>\n<div class=\"numbers-itemcol-last\">\n<h2 class=\"numbers-numbertext\">vi\u0161e od 4.500<\/h2>\n<h3 class=\"numbers-titletext\">korisnika\nservisa<\/h3>\n<\/div>\n<\/div>\n<\/div>","protected":false},"excerpt":{"rendered":"<p>Novosti Saznajte sve aktualnosti, na\u0161e najnovije ponude te dopune vezane za program Oskar. Idemo na seminare, pratimo trendove i promjene na tr\u017ei\u0161tu kako bismo pravovremeno reagirali i osigurali da je va\u0161e poslovanje bez pote\u0161ko\u0107a. Vi\u0161e Dizajn Nakon gotovo 30 godina postojanja odlu\u010dili smo pro\u0161iriti na\u0161e usluge i na podru\u010dje marketin\u0161ke komunikacije i grafi\u010dkog dizajna! Za&hellip; <br \/> <a class=\"button small blue\" href=\"https:\/\/www.selcom.hr\/wpss\/?p=1\">Read more<\/a><\/p>\n","protected":false},"author":1,"featured_media":0,"parent":0,"menu_order":0,"comment_status":"closed","ping_status":"closed","template":"","meta":{"footnotes":""},"_links":{"self":[{"href":"https:\/\/www.selcom.hr\/wpss\/index.php?rest_route=\/wp\/v2\/pages\/647"}],"collection":[{"href":"https:\/\/www.selcom.hr\/wpss\/index.php?rest_route=\/wp\/v2\/pages"}],"about":[{"href":"https:\/\/www.selcom.hr\/wpss\/index.php?rest_route=\/wp\/v2\/types\/page"}],"author":[{"embeddable":true,"href":"https:\/\/www.selcom.hr\/wpss\/index.php?rest_route=\/wp\/v2\/users\/1"}],"replies":[{"embeddable":true,"href":"https:\/\/www.selcom.hr\/wpss\/index.php?rest_route=%2Fwp%2Fv2%2Fcomments&post=647"}],"version-history":[{"count":41,"href":"https:\/\/www.selcom.hr\/wpss\/index.php?rest_route=\/wp\/v2\/pages\/647\/revisions"}],"predecessor-version":[{"id":789,"href":"https:\/\/www.selcom.hr\/wpss\/index.php?rest_route=\/wp\/v2\/pages\/647\/revisions\/789"}],"wp:attachment":[{"href":"https:\/\/www.selcom.hr\/wpss\/index.php?rest_route=%2Fwp%2Fv2%2Fmedia&parent=647"}],"curies":[{"name":"wp","href":"https:\/\/api.w.org\/{rel}","templated":true}]}}