{"id":87,"date":"2013-12-16T21:57:17","date_gmt":"2013-12-16T20:57:17","guid":{"rendered":"http:\/\/www.selcom.hr\/wpss\/?page_id=87"},"modified":"2016-01-28T16:39:29","modified_gmt":"2016-01-28T15:39:29","slug":"reference","status":"publish","type":"page","link":"https:\/\/www.selcom.hr\/wpss\/?page_id=87","title":{"rendered":"Reference"},"content":{"rendered":"<p>Vi\u0161e od 200 tvrtki prepoznalo nas je kao pouzdanog partnera, a OSKAR kao kvalitetan, visoko automatiziran i pouzdan program koji olak\u0161ava njihovo poslovanje i \u010dini ga uspje\u0161nijim.<\/p>\n<p>Zahvaljujemo na tome!<\/p>\n","protected":false},"excerpt":{"rendered":"<p>Vi\u0161e od 200 tvrtki prepoznalo nas je kao pouzdanog partnera, a OSKAR kao kvalitetan, visoko automatiziran i pouzdan program koji olak\u0161ava njihovo poslovanje i \u010dini ga uspje\u0161nijim. Zahvaljujemo na tome!<\/p>\n","protected":false},"author":1,"featured_media":0,"parent":0,"menu_order":4,"comment_status":"closed","ping_status":"closed","template":"","meta":{"footnotes":""},"_links":{"self":[{"href":"https:\/\/www.selcom.hr\/wpss\/index.php?rest_route=\/wp\/v2\/pages\/87"}],"collection":[{"href":"https:\/\/www.selcom.hr\/wpss\/index.php?rest_route=\/wp\/v2\/pages"}],"about":[{"href":"https:\/\/www.selcom.hr\/wpss\/index.php?rest_route=\/wp\/v2\/types\/page"}],"author":[{"embeddable":true,"href":"https:\/\/www.selcom.hr\/wpss\/index.php?rest_route=\/wp\/v2\/users\/1"}],"replies":[{"embeddable":true,"href":"https:\/\/www.selcom.hr\/wpss\/index.php?rest_route=%2Fwp%2Fv2%2Fcomments&post=87"}],"version-history":[{"count":4,"href":"https:\/\/www.selcom.hr\/wpss\/index.php?rest_route=\/wp\/v2\/pages\/87\/revisions"}],"predecessor-version":[{"id":190,"href":"https:\/\/www.selcom.hr\/wpss\/index.php?rest_route=\/wp\/v2\/pages\/87\/revisions\/190"}],"wp:attachment":[{"href":"https:\/\/www.selcom.hr\/wpss\/index.php?rest_route=%2Fwp%2Fv2%2Fmedia&parent=87"}],"curies":[{"name":"wp","href":"https:\/\/api.w.org\/{rel}","templated":true}]}}