{"id":93,"date":"2013-12-16T22:09:29","date_gmt":"2013-12-16T21:09:29","guid":{"rendered":"http:\/\/www.selcom.hr\/wpss\/?page_id=93"},"modified":"2017-10-30T21:54:17","modified_gmt":"2017-10-30T19:54:17","slug":"sto-je-oskar","status":"publish","type":"page","link":"https:\/\/www.selcom.hr\/wpss\/?page_id=93","title":{"rendered":"\u0160to je Oskar?"},"content":{"rendered":"<p style=\"text-align: justify;\">Oskar\u00a0je visoko integrirani program je plod dugogodi\u0161njeg upijanja zahtjeva korisnika i postepenog prilago\u0111avanja potrebama tr\u017ei\u0161ta. Program je u potpunosti modularan i mogu\u0107e ga je prilagoditi individualnim  potrebama svakog korisnika.<\/p>\n<p>Kori\u0161tenje programa za optimizaciju procesa u svakodnevnom poslovanju jednako je va\u017eno kako knjigovodstvenim, tako i drugim tvrtkama kako bi pospje\u0161ile svoj uspjeh. Iz tog razloga investicija u savr\u0161eno automatiziran, kvalitetan i pouzdan program poput OSKAR programa je od visoke va\u017enosti.<\/p>\n<p>Od samih po\u010detaka OSKAR je stvaran pod budnim okom stru\u010dnjaka s dugogodi\u0161njim iskustvom rada u knjigovodstvu kako bi u potpunosti bio prilago\u0111en radu korisnika.<\/p>\n<p>Naj\u010de\u0161\u0107i korisnici programa OSKAR su knjigovodstveni servisi s dugogodi\u0161njim iskustvom koji tra\u017ee jednostavnost i brzinu u realizaciji procesa poslovanja, no obzirom na modularnost samog programa mogu\u0107e ga je prilagoditi i drugim djelatnostima prema \u017eelji korisnika.<\/p>\n<p>OSKAR im to omogu\u0107uje.<\/p>\n<p>Neki od elemenata programa su:<\/p>\n<div>\n<ul>\n<li>glavna knjiga (pored svih izvje\u0161taja koje sadr\u017ee sli\u010dni programi ima mogu\u0107nost direktnog knji\u017eenja iz glavne u knjige URA-IRA kao i tra\u017eenje gre\u0161aka koje se mogu dogoditi svim knjigovo\u0111ama prilikom unosa podataka),<\/li>\n<li>saldakonti kupaca,<\/li>\n<li>saldakonti dobavlja\u010da,<\/li>\n<li>obra\u010dun kamata,<\/li>\n<li>kompenzacije<\/li>\n<li>trgova\u010dko poslovanje (maloprodajne i veleprodajne kalkulacije sa automatskim kontiranjima i rasknji\u017eavanjima u glavnu knjigu, saldakonti, trgova\u010dku knjigu, knjigu URA, materijalno knjigovodstvo, inventure, obra\u010duni poreza, zapisnici o promjeni cijena, etikete, analiza kretanja cijena po artiklima za odre\u0111eni period, analiza nabave ili prodaje robe po partnerima \u2026 ),<\/li>\n<li>uvozne kalkulacije,<\/li>\n<li>fakturiranje (mogu\u0107nost direktnog knji\u017eenja u glavnu knjigu, saldakonti, materijalno, knjigu IRA \u2026),<\/li>\n<li>evidencija ponuda sa automatskim pretvaranjem istih u ra\u010dune i automatskim knji\u017eenjima u sva knjigovodstva,<\/li>\n<li>materijalno i robno knjigovodstvo s uskladom prema glavnoj knjizi,<\/li>\n<li>obra\u010dun pla\u0107a (svi obrasci, e-Fina, e-porezna \u2026),<\/li>\n<li>neoporezivi primici,<\/li>\n<li>obra\u010dun otpremnina,<\/li>\n<li>kadrovska evidencija,<\/li>\n<li>evidencija radnog vremena (\u0161ihterica),<\/li>\n<li>pra\u0107enje proizvodnje putem normativa (na osnovu proizvodnje razdu\u017euje se skladi\u0161te repromaterijala po zadanim normativima, ako se radi o gotovom proizvodima, zadu\u017euje skladi\u0161te gotovih proizvoda, ako postoji kupac razdu\u017euje se isto i radi izlazni ra\u010dun koji se mo\u017ee rasknji\u017eiti u sva knjigovodstva \u2026),<\/li>\n<li>evidencija osnovnih sredstava (kartice, obra\u010dun amortizacije, DI obrazac \u2026),<\/li>\n<li>Knjige URA-IRA sa automatskim generiranjem PDV-obrasca, veza prema glavnoj knjizi (automatski knji\u017eenje glavne knjige iz knjige UR-a), prijenos pdv obrasca u \u201ce-poreznu\u201d,<\/li>\n<li>statistika,<\/li>\n<li>poslovanje blagajne \u2026,<\/li>\n<li>evidencija putnih naloga \u2026<\/li>\n<li>pisanje virmana \u2026,<\/li>\n<li>jednostavno snimanje podataka na USB memoriju radi za\u0161tite podataka,<\/li>\n<li>komplet programa za obrtnike (vodi se samo saldakonti, automatski prijenos u knjige KPI i URA \u2013 IRA),<\/li>\n<li>evidencije logiranja operatera,<\/li>\n<li>definiranje ovlasti operatera za rad s pojedinim programima,<\/li>\n<li>prijenosi i donosi stavaka po izboru u slu\u010daju da se radi na vi\u0161e lokacija<\/li>\n<\/ul>\n<\/div>\n","protected":false},"excerpt":{"rendered":"<p>Oskar\u00a0je visoko integrirani program je plod dugogodi\u0161njeg upijanja zahtjeva korisnika i postepenog prilago\u0111avanja potrebama tr\u017ei\u0161ta. Program je u potpunosti modularan i mogu\u0107e ga je prilagoditi individualnim potrebama svakog korisnika. Kori\u0161tenje programa za optimizaciju procesa u svakodnevnom poslovanju jednako je va\u017eno kako knjigovodstvenim, tako i drugim tvrtkama kako bi pospje\u0161ile svoj uspjeh. Iz tog razloga investicija&hellip; <br \/> <a class=\"button small blue\" href=\"https:\/\/www.selcom.hr\/wpss\/?page_id=93\">Read more<\/a><\/p>\n","protected":false},"author":1,"featured_media":0,"parent":5,"menu_order":1,"comment_status":"closed","ping_status":"closed","template":"","meta":{"footnotes":""},"_links":{"self":[{"href":"https:\/\/www.selcom.hr\/wpss\/index.php?rest_route=\/wp\/v2\/pages\/93"}],"collection":[{"href":"https:\/\/www.selcom.hr\/wpss\/index.php?rest_route=\/wp\/v2\/pages"}],"about":[{"href":"https:\/\/www.selcom.hr\/wpss\/index.php?rest_route=\/wp\/v2\/types\/page"}],"author":[{"embeddable":true,"href":"https:\/\/www.selcom.hr\/wpss\/index.php?rest_route=\/wp\/v2\/users\/1"}],"replies":[{"embeddable":true,"href":"https:\/\/www.selcom.hr\/wpss\/index.php?rest_route=%2Fwp%2Fv2%2Fcomments&post=93"}],"version-history":[{"count":8,"href":"https:\/\/www.selcom.hr\/wpss\/index.php?rest_route=\/wp\/v2\/pages\/93\/revisions"}],"predecessor-version":[{"id":225,"href":"https:\/\/www.selcom.hr\/wpss\/index.php?rest_route=\/wp\/v2\/pages\/93\/revisions\/225"}],"up":[{"embeddable":true,"href":"https:\/\/www.selcom.hr\/wpss\/index.php?rest_route=\/wp\/v2\/pages\/5"}],"wp:attachment":[{"href":"https:\/\/www.selcom.hr\/wpss\/index.php?rest_route=%2Fwp%2Fv2%2Fmedia&parent=93"}],"curies":[{"name":"wp","href":"https:\/\/api.w.org\/{rel}","templated":true}]}}